{"id":491,"date":"2020-02-15T13:43:50","date_gmt":"2020-02-15T13:43:50","guid":{"rendered":"https:\/\/musicstudio-moeller.com\/?page_id=491"},"modified":"2024-10-21T14:01:06","modified_gmt":"2024-10-21T14:01:06","slug":"isf-calibration","status":"publish","type":"page","link":"https:\/\/musicstudio-moeller.com\/en\/isf-calibration\/","title":{"rendered":"ISF CALIBRATION"},"content":{"rendered":"<div data-elementor-type=\"wp-page\" data-elementor-id=\"491\" class=\"elementor elementor-491\">\n\t\t\t\t\t\t<section class=\"elementor-section elementor-top-section elementor-element elementor-element-bc2e369 elementor-section-full_width elementor-section-height-default elementor-section-height-default\" data-id=\"bc2e369\" data-element_type=\"section\" data-e-type=\"section\">\n\t\t\t\t\t\t<div class=\"elementor-container elementor-column-gap-default\">\n\t\t\t\t\t<div class=\"elementor-column elementor-col-100 elementor-top-column elementor-element elementor-element-468c01b\" data-id=\"468c01b\" data-element_type=\"column\" data-e-type=\"column\">\n\t\t\t<div class=\"elementor-widget-wrap elementor-element-populated\">\n\t\t\t\t\t\t<div class=\"elementor-element elementor-element-9dbac3f elementor-widget__width-initial elementor-widget elementor-widget-text-editor\" data-id=\"9dbac3f\" data-element_type=\"widget\" data-e-type=\"widget\" data-widget_type=\"text-editor.default\">\n\t\t\t\t<div class=\"elementor-widget-container\">\n\t\t\t\t\t\t\t\t\t<p><img decoding=\"async\" data-recalc-dims=\"1\" src=\"https:\/\/i0.wp.com\/musicstudio-moeller.com\/wp-content\/uploads\/2020\/03\/ISFCertCalibratorLevelTwo_4C-png.png?resize=167%2C112&#038;ssl=1\" alt=\"\" width=\"167\" height=\"112\"><\/p>\n<p>A home cinema can offer high-quality entertainment in both picture and sound. Prerequisite are of course perfectly adjusted devices. The exact calibration of projectors or TV sets is of crucial importance. I am one of the few experts in Switzerland who have the necessary know-how in theory and practice, and who can thus professionally fine-tune your home cinema experience.<\/p>\n<p><img fetchpriority=\"high\" decoding=\"async\" data-recalc-dims=\"1\" class=\"alignnone size-full wp-image-1308\" src=\"https:\/\/i0.wp.com\/musicstudio-moeller.com\/wp-content\/uploads\/2024\/08\/ISF_2-scaled.jpg?resize=812%2C457&#038;ssl=1\" alt=\"\" width=\"812\" height=\"457\" srcset=\"https:\/\/i0.wp.com\/musicstudio-moeller.com\/wp-content\/uploads\/2024\/08\/ISF_2-scaled.jpg?w=2560&amp;ssl=1 2560w, https:\/\/i0.wp.com\/musicstudio-moeller.com\/wp-content\/uploads\/2024\/08\/ISF_2-scaled.jpg?resize=300%2C169&amp;ssl=1 300w, https:\/\/i0.wp.com\/musicstudio-moeller.com\/wp-content\/uploads\/2024\/08\/ISF_2-scaled.jpg?resize=1024%2C576&amp;ssl=1 1024w, https:\/\/i0.wp.com\/musicstudio-moeller.com\/wp-content\/uploads\/2024\/08\/ISF_2-scaled.jpg?resize=768%2C432&amp;ssl=1 768w, https:\/\/i0.wp.com\/musicstudio-moeller.com\/wp-content\/uploads\/2024\/08\/ISF_2-scaled.jpg?resize=1536%2C864&amp;ssl=1 1536w, https:\/\/i0.wp.com\/musicstudio-moeller.com\/wp-content\/uploads\/2024\/08\/ISF_2-scaled.jpg?resize=2048%2C1152&amp;ssl=1 2048w, https:\/\/i0.wp.com\/musicstudio-moeller.com\/wp-content\/uploads\/2024\/08\/ISF_2-scaled.jpg?resize=18%2C10&amp;ssl=1 18w, https:\/\/i0.wp.com\/musicstudio-moeller.com\/wp-content\/uploads\/2024\/08\/ISF_2-scaled.jpg?w=1624&amp;ssl=1 1624w, https:\/\/i0.wp.com\/musicstudio-moeller.com\/wp-content\/uploads\/2024\/08\/ISF_2-scaled.jpg?w=2436&amp;ssl=1 2436w\" sizes=\"(max-width: 812px) 100vw, 812px\" \/><\/p>\n<p>Seit 2005 kalibriere ich &nbsp;Projektoren und hochwertige TV-Ger\u00e4te. Seitdem habe ich, unterst\u00fctzt von meinen langj\u00e4hrigen Arbeitgeber Fischer HiFi, etliche Fortbildungen absolviert: etwa bei Color Facts bei Raphael Vogt, JKB bei Marcel Gonska oder ISF I und ISF II bei Joel Silver. Mehr als 500 Projektoren und TV-Ger\u00e4te habe ich professionell kalibriert \u2013 bei den Kunden zu Hause, so dass deren Heimkino-Erlebnis tats\u00e4chlich in ganz neue Dimensionen vordrang.<\/p>\n<p class=\"translation-block\">An exact calibration takes between 4 and 6 hours, in some cases even longer. <br>I charge\nfrom 500 CHF plus a travel fee, depending on the effort and equipment.<\/p>\n<ul>\n<li>ab 600 Franken TV`s&nbsp; LG, Panasonic, Sony, Philips, Samsung plus Wegpauschale.<\/li>\n<li>from CHF 600 projectors Sony, JVC, Epson, Optoma, LG plus travel fee.<\/li>\n<li>from CHF 900 projectors Barco Residental plus travel fee.<\/li>\n<li>3D LUT on request.<\/li>\n<\/ul>\n<p>We are happy to clarify details individually.<\/p>\n<p>I have been working with the well-known Minolta CS-2000A Spectroradiometer since mid-2022. In terms of accuracy, this literally overshadows the proven predecessor Minolta CS-200, which I used myself for many years. It takes time - but it's well invested. You will see!<\/p>\n<p>My equipment in detail:<br>Colorimeter: Spectroradiometer <strong>Minolta CS-2000A<\/strong>. Calibrations are being carried out<br>Colorimeter: Chroma Meter <strong>Minolta CS-200<\/strong>. Carried out on site at the customer's site <strong>CS-2000A<\/strong> profiled for 3D LUT calibration<br>Image Generator: <strong>Murideo Six-G<\/strong>, second generation<br>Calibration software: <strong>Calman Ultimate<\/strong><br>Laptop: <strong>Lenovo ThinkPad X1<\/strong> Extreme Gen.3 with Intel Core i9-vPRO, tenth generation<\/p>\t\t\t\t\t\t\t\t<\/div>\n\t\t\t\t<\/div>\n\t\t\t\t\t<\/div>\n\t\t<\/div>\n\t\t\t\t\t<\/div>\n\t\t<\/section>\n\t\t\t\t<section class=\"elementor-section elementor-top-section elementor-element elementor-element-b5e24e0 elementor-section-boxed elementor-section-height-default elementor-section-height-default\" data-id=\"b5e24e0\" data-element_type=\"section\" data-e-type=\"section\">\n\t\t\t\t\t\t<div class=\"elementor-container elementor-column-gap-default\">\n\t\t\t\t\t<div class=\"elementor-column elementor-col-50 elementor-top-column elementor-element elementor-element-a395ee6\" data-id=\"a395ee6\" data-element_type=\"column\" data-e-type=\"column\">\n\t\t\t<div class=\"elementor-widget-wrap elementor-element-populated\">\n\t\t\t\t\t\t<div class=\"elementor-element elementor-element-56488b8 elementor-widget elementor-widget-image\" data-id=\"56488b8\" data-element_type=\"widget\" data-e-type=\"widget\" data-widget_type=\"image.default\">\n\t\t\t\t<div class=\"elementor-widget-container\">\n\t\t\t\t\t\t\t\t\t\t\t\t\t\t\t\t<a href=\"https:\/\/i0.wp.com\/musicstudio-moeller.com\/wp-content\/uploads\/2020\/03\/Colorfacts.jpg?ssl=1\" data-elementor-open-lightbox=\"yes\" data-e-action-hash=\"#elementor-action%3Aaction%3Dlightbox%26settings%3DeyJpZCI6NjE5LCJ1cmwiOiJodHRwczpcL1wvbXVzaWNzdHVkaW8tbW9lbGxlci5jb21cL3dwLWNvbnRlbnRcL3VwbG9hZHNcLzIwMjBcLzAzXC9Db2xvcmZhY3RzLmpwZyJ9\">\n\t\t\t\t\t\t\t<img decoding=\"async\" width=\"640\" height=\"926\" src=\"https:\/\/i0.wp.com\/musicstudio-moeller.com\/wp-content\/uploads\/2020\/03\/Colorfacts.jpg?fit=640%2C926&amp;ssl=1\" class=\"attachment-full size-full wp-image-619\" alt=\"\" srcset=\"https:\/\/i0.wp.com\/musicstudio-moeller.com\/wp-content\/uploads\/2020\/03\/Colorfacts.jpg?w=640&amp;ssl=1 640w, https:\/\/i0.wp.com\/musicstudio-moeller.com\/wp-content\/uploads\/2020\/03\/Colorfacts.jpg?resize=207%2C300&amp;ssl=1 207w\" sizes=\"(max-width: 640px) 100vw, 640px\" \/>\t\t\t\t\t\t\t\t<\/a>\n\t\t\t\t\t\t\t\t\t\t\t\t\t\t\t<\/div>\n\t\t\t\t<\/div>\n\t\t\t\t\t<\/div>\n\t\t<\/div>\n\t\t\t\t<div class=\"elementor-column elementor-col-50 elementor-top-column elementor-element elementor-element-f0aecbb\" data-id=\"f0aecbb\" data-element_type=\"column\" data-e-type=\"column\">\n\t\t\t<div class=\"elementor-widget-wrap elementor-element-populated\">\n\t\t\t\t\t\t<div class=\"elementor-element elementor-element-c0577c6 elementor-widget elementor-widget-image\" data-id=\"c0577c6\" data-element_type=\"widget\" data-e-type=\"widget\" data-widget_type=\"image.default\">\n\t\t\t\t<div class=\"elementor-widget-container\">\n\t\t\t\t\t\t\t\t\t\t\t\t\t\t\t\t<a href=\"https:\/\/i0.wp.com\/musicstudio-moeller.com\/wp-content\/uploads\/2020\/02\/ISF-Zerti-1.jpg?ssl=1\" data-elementor-open-lightbox=\"yes\" data-e-action-hash=\"#elementor-action%3Aaction%3Dlightbox%26settings%3DeyJpZCI6NTUwLCJ1cmwiOiJodHRwczpcL1wvbXVzaWNzdHVkaW8tbW9lbGxlci5jb21cL3dwLWNvbnRlbnRcL3VwbG9hZHNcLzIwMjBcLzAyXC9JU0YtWmVydGktMS5qcGcifQ%3D%3D\">\n\t\t\t\t\t\t\t<img loading=\"lazy\" decoding=\"async\" width=\"1024\" height=\"791\" src=\"https:\/\/i0.wp.com\/musicstudio-moeller.com\/wp-content\/uploads\/2020\/02\/ISF-Zerti-1.jpg?fit=1024%2C791&amp;ssl=1\" class=\"attachment-full size-full wp-image-550\" alt=\"\" srcset=\"https:\/\/i0.wp.com\/musicstudio-moeller.com\/wp-content\/uploads\/2020\/02\/ISF-Zerti-1.jpg?w=1024&amp;ssl=1 1024w, https:\/\/i0.wp.com\/musicstudio-moeller.com\/wp-content\/uploads\/2020\/02\/ISF-Zerti-1.jpg?resize=300%2C232&amp;ssl=1 300w, https:\/\/i0.wp.com\/musicstudio-moeller.com\/wp-content\/uploads\/2020\/02\/ISF-Zerti-1.jpg?resize=768%2C593&amp;ssl=1 768w\" sizes=\"(max-width: 812px) 100vw, 812px\" \/>\t\t\t\t\t\t\t\t<\/a>\n\t\t\t\t\t\t\t\t\t\t\t\t\t\t\t<\/div>\n\t\t\t\t<\/div>\n\t\t\t\t<div class=\"elementor-element elementor-element-40fa630 elementor-widget elementor-widget-image\" data-id=\"40fa630\" data-element_type=\"widget\" data-e-type=\"widget\" data-widget_type=\"image.default\">\n\t\t\t\t<div class=\"elementor-widget-container\">\n\t\t\t\t\t\t\t\t\t\t\t\t\t\t\t\t<a href=\"https:\/\/i0.wp.com\/musicstudio-moeller.com\/wp-content\/uploads\/2020\/02\/ISF-Zerti-2.jpg?ssl=1\" data-elementor-open-lightbox=\"yes\" data-e-action-hash=\"#elementor-action%3Aaction%3Dlightbox%26settings%3DeyJpZCI6NTUxLCJ1cmwiOiJodHRwczpcL1wvbXVzaWNzdHVkaW8tbW9lbGxlci5jb21cL3dwLWNvbnRlbnRcL3VwbG9hZHNcLzIwMjBcLzAyXC9JU0YtWmVydGktMi5qcGcifQ%3D%3D\">\n\t\t\t\t\t\t\t<img loading=\"lazy\" decoding=\"async\" width=\"1024\" height=\"773\" src=\"https:\/\/i0.wp.com\/musicstudio-moeller.com\/wp-content\/uploads\/2020\/02\/ISF-Zerti-2.jpg?fit=1024%2C773&amp;ssl=1\" class=\"attachment-full size-full wp-image-551\" alt=\"\" srcset=\"https:\/\/i0.wp.com\/musicstudio-moeller.com\/wp-content\/uploads\/2020\/02\/ISF-Zerti-2.jpg?w=1024&amp;ssl=1 1024w, https:\/\/i0.wp.com\/musicstudio-moeller.com\/wp-content\/uploads\/2020\/02\/ISF-Zerti-2.jpg?resize=300%2C226&amp;ssl=1 300w, https:\/\/i0.wp.com\/musicstudio-moeller.com\/wp-content\/uploads\/2020\/02\/ISF-Zerti-2.jpg?resize=768%2C580&amp;ssl=1 768w\" sizes=\"(max-width: 812px) 100vw, 812px\" \/>\t\t\t\t\t\t\t\t<\/a>\n\t\t\t\t\t\t\t\t\t\t\t\t\t\t\t<\/div>\n\t\t\t\t<\/div>\n\t\t\t\t\t<\/div>\n\t\t<\/div>\n\t\t\t\t\t<\/div>\n\t\t<\/section>\n\t\t\t\t<\/div>","protected":false},"excerpt":{"rendered":"<p>Das Kino zu Hause kann l\u00e4ngst beste Unterhaltung bieten in Bild und Ton. Voraussetzung sind nat\u00fcrlich perfekt eingestellte Ger\u00e4te. Die exakte Kalibrierung von Projektoren oder auch TV-Ger\u00e4ten hat dabei entscheidende Bedeutung. Ich z\u00e4hle zu den wenigen Fachleuten in der Schweiz, die das n\u00f6tige Knowhow in Theorie und Praxis mitbringen \u2013 und die Ihnen so das [&hellip;]<\/p>\n","protected":false},"author":1,"featured_media":0,"parent":0,"menu_order":0,"comment_status":"closed","ping_status":"closed","template":"","meta":{"om_disable_all_campaigns":false,"_monsterinsights_skip_tracking":false,"_monsterinsights_sitenote_active":false,"_monsterinsights_sitenote_note":"","_monsterinsights_sitenote_category":0,"_glsr_average":0,"_glsr_ranking":0,"_glsr_reviews":0,"footnotes":""},"class_list":["post-491","page","type-page","status-publish","hentry"],"aioseo_notices":[],"jetpack_sharing_enabled":true,"_links":{"self":[{"href":"https:\/\/musicstudio-moeller.com\/en\/wp-json\/wp\/v2\/pages\/491","targetHints":{"allow":["GET"]}}],"collection":[{"href":"https:\/\/musicstudio-moeller.com\/en\/wp-json\/wp\/v2\/pages"}],"about":[{"href":"https:\/\/musicstudio-moeller.com\/en\/wp-json\/wp\/v2\/types\/page"}],"author":[{"embeddable":true,"href":"https:\/\/musicstudio-moeller.com\/en\/wp-json\/wp\/v2\/users\/1"}],"replies":[{"embeddable":true,"href":"https:\/\/musicstudio-moeller.com\/en\/wp-json\/wp\/v2\/comments?post=491"}],"version-history":[{"count":60,"href":"https:\/\/musicstudio-moeller.com\/en\/wp-json\/wp\/v2\/pages\/491\/revisions"}],"predecessor-version":[{"id":1328,"href":"https:\/\/musicstudio-moeller.com\/en\/wp-json\/wp\/v2\/pages\/491\/revisions\/1328"}],"wp:attachment":[{"href":"https:\/\/musicstudio-moeller.com\/en\/wp-json\/wp\/v2\/media?parent=491"}],"curies":[{"name":"wp","href":"https:\/\/api.w.org\/{rel}","templated":true}]}}