{"id":858,"date":"2020-04-26T23:28:56","date_gmt":"2020-04-26T23:28:56","guid":{"rendered":"https:\/\/musicstudio-moeller.com\/?page_id=858"},"modified":"2021-01-21T22:27:03","modified_gmt":"2021-01-21T22:27:03","slug":"impressum","status":"publish","type":"page","link":"https:\/\/musicstudio-moeller.com\/en\/impressum\/","title":{"rendered":"IMPRESSUM"},"content":{"rendered":"<div data-elementor-type=\"wp-page\" data-elementor-id=\"858\" class=\"elementor elementor-858\">\n\t\t\t\t\t\t<section class=\"elementor-section elementor-top-section elementor-element elementor-element-50e1981 elementor-section-boxed elementor-section-height-default elementor-section-height-default\" data-id=\"50e1981\" data-element_type=\"section\" data-e-type=\"section\">\n\t\t\t\t\t\t<div class=\"elementor-container elementor-column-gap-default\">\n\t\t\t\t\t<div class=\"elementor-column elementor-col-50 elementor-top-column elementor-element elementor-element-93006a2\" data-id=\"93006a2\" data-element_type=\"column\" data-e-type=\"column\">\n\t\t\t<div class=\"elementor-widget-wrap elementor-element-populated\">\n\t\t\t\t\t\t<div class=\"elementor-element elementor-element-19e6a31 elementor-widget elementor-widget-text-editor\" data-id=\"19e6a31\" data-element_type=\"widget\" data-e-type=\"widget\" data-widget_type=\"text-editor.default\">\n\t\t\t\t<div class=\"elementor-widget-container\">\n\t\t\t\t\t\t\t\t\t<p><strong>Music-Studio M\u00f6ller<\/strong><\/p><p>Im Eichtal 1<br \/>CH-5400 Baden<\/p><p><span style=\"text-decoration: underline;\">Vertreten durch:<\/span><\/p><p>Herr Alexander M\u00f6ller<\/p><p><span style=\"text-decoration: underline;\">Registereintrag:<\/span><\/p><p>Eingetragen im Handelsregister des Kantons Aargau in Aarau.<\/p><p>MWST-Nr: CHE-210.912.895 MWST<\/p>\t\t\t\t\t\t\t\t<\/div>\n\t\t\t\t<\/div>\n\t\t\t\t\t<\/div>\n\t\t<\/div>\n\t\t\t\t<div class=\"elementor-column elementor-col-50 elementor-top-column elementor-element elementor-element-4e17b34\" data-id=\"4e17b34\" data-element_type=\"column\" data-e-type=\"column\">\n\t\t\t<div class=\"elementor-widget-wrap elementor-element-populated\">\n\t\t\t\t\t\t<div class=\"elementor-element elementor-element-49770af elementor-widget elementor-widget-text-editor\" data-id=\"49770af\" data-element_type=\"widget\" data-e-type=\"widget\" data-widget_type=\"text-editor.default\">\n\t\t\t\t<div class=\"elementor-widget-container\">\n\t\t\t\t\t\t\t\t\t<p><b>Haftungsausschluss:<\/b><\/p>\n<p>Die bereitgestellten Informationen auf dieser Website wurden sorgf\u00e4ltig gepr\u00fcft und werdenregelm\u00e4ssig aktualisiert. Jedoch kann keine Haftung oder Garantie daf\u00fcr \u00fcbernommen werden, dass alle Angaben zu jeder Zeit vollst\u00e4ndig, richtig und in letzter Aktualit\u00e4t dargestellt sind. Dies giltinsbesondere f\u00fcr alle Links zu anderen Websites, auf die direkt oder indirekt verwiesen wird. Alle Angaben k\u00f6nnen ohne vorherige Ank\u00fcndigung ge\u00e4ndert, entfernt oder erg\u00e4nzt werden. Weder dieVer\u00f6ffentlichung noch ihr Inhalt d\u00fcrfen ohne die vorherige ausdr\u00fcckliche Genehmigung der Musik- Studio M\u00f6ller auf irgendeine Art ver\u00e4ndert oder an Dritte verteilt oder \u00fcbermittelt werden.Haftungsausschluss f\u00fcr Links: Bei direkten oder indirekten Verweisen auf fremde Internetseiten (\u00abLinks\u00bb), die ausserhalb des Verantwortungsbereiches von musicstudio-moeller.com liegen, w\u00fcrde eine Haftungsverpflichtung ausschliesslich in dem Fall in Kraft treten, in dem Musik-Studio M\u00f6ller von&nbsp; den Inhalten Kenntnis hat und es ihm technisch m\u00f6glich und zumutbar w\u00e4re, die Nutzung im Falle rechtswidriger Inhalte zu verhindern. Musik-Studio M\u00f6ller erkl\u00e4rt daher ausdr\u00fccklich, dass zumZeitpunkt der Linksetzung die entsprechenden verlinkten Seiten frei von illegalen Inhalten waren. Musik-Studio M\u00f6ller hat keinerlei Einfluss auf die aktuelle und zuk\u00fcnftige Gestaltung und auf dieInhalte der gelinkten\/verkn\u00fcpften Seiten. Deshalb distanziert Musik-Studio M\u00f6ller sich hiermit ausdr\u00fccklich von allen Inhalten aller gelinkten\/verkn\u00fcpften Seiten, die nach der Linksetzung ver\u00e4ndertwurden. Diese Feststellung gilt f\u00fcr alle innerhalb des eigenen Internetangebotes gesetzten Links und Verweise sowie f\u00fcr Fremdeintr\u00e4ge in von Musik-Studio M\u00f6ller eingerichteten G\u00e4steb\u00fcchern, Diskussionsforen und Mailinglisten. F\u00fcr illegale, fehlerhafte oder unvollst\u00e4ndige Inhalte und&nbsp; insbesondere f\u00fcr Sch\u00e4den, die aus der Nutzung oder Nichtnutzung solcherart dargebotener Informationen entstehen, haftet allein der Anbieter der Seite, auf welche verwiesen wurde, nicht derjenige, der \u00fcber Links auf die jeweilige Ver\u00f6ffentlichung lediglich verweist.<\/p>\t\t\t\t\t\t\t\t<\/div>\n\t\t\t\t<\/div>\n\t\t\t\t\t<\/div>\n\t\t<\/div>\n\t\t\t\t\t<\/div>\n\t\t<\/section>\n\t\t\t\t<\/div>","protected":false},"excerpt":{"rendered":"<p>Music-Studio M\u00f6ller Im Eichtal 1CH-5400 Baden Vertreten durch: Herr Alexander M\u00f6ller Registereintrag: Eingetragen im Handelsregister des Kantons Aargau in Aarau. MWST-Nr: CHE-210.912.895 MWST Haftungsausschluss: Die bereitgestellten Informationen auf dieser Website wurden sorgf\u00e4ltig gepr\u00fcft und werdenregelm\u00e4ssig aktualisiert. Jedoch kann keine Haftung oder Garantie daf\u00fcr \u00fcbernommen werden, dass alle Angaben zu jeder Zeit vollst\u00e4ndig, richtig und in [&hellip;]<\/p>\n","protected":false},"author":1,"featured_media":0,"parent":0,"menu_order":0,"comment_status":"closed","ping_status":"closed","template":"","meta":{"om_disable_all_campaigns":false,"_monsterinsights_skip_tracking":false,"_monsterinsights_sitenote_active":false,"_monsterinsights_sitenote_note":"","_monsterinsights_sitenote_category":0,"_glsr_average":0,"_glsr_ranking":0,"_glsr_reviews":0,"footnotes":""},"class_list":["post-858","page","type-page","status-publish","hentry"],"aioseo_notices":[],"jetpack_sharing_enabled":true,"_links":{"self":[{"href":"https:\/\/musicstudio-moeller.com\/en\/wp-json\/wp\/v2\/pages\/858","targetHints":{"allow":["GET"]}}],"collection":[{"href":"https:\/\/musicstudio-moeller.com\/en\/wp-json\/wp\/v2\/pages"}],"about":[{"href":"https:\/\/musicstudio-moeller.com\/en\/wp-json\/wp\/v2\/types\/page"}],"author":[{"embeddable":true,"href":"https:\/\/musicstudio-moeller.com\/en\/wp-json\/wp\/v2\/users\/1"}],"replies":[{"embeddable":true,"href":"https:\/\/musicstudio-moeller.com\/en\/wp-json\/wp\/v2\/comments?post=858"}],"version-history":[{"count":12,"href":"https:\/\/musicstudio-moeller.com\/en\/wp-json\/wp\/v2\/pages\/858\/revisions"}],"predecessor-version":[{"id":995,"href":"https:\/\/musicstudio-moeller.com\/en\/wp-json\/wp\/v2\/pages\/858\/revisions\/995"}],"wp:attachment":[{"href":"https:\/\/musicstudio-moeller.com\/en\/wp-json\/wp\/v2\/media?parent=858"}],"curies":[{"name":"wp","href":"https:\/\/api.w.org\/{rel}","templated":true}]}}